{"id":6622,"date":"2023-10-23T16:10:41","date_gmt":"2023-10-23T16:10:41","guid":{"rendered":"https:\/\/digiplan.ccb.tu-dortmund.de\/?page_id=6622"},"modified":"2023-10-30T18:10:29","modified_gmt":"2023-10-30T18:10:29","slug":"umzug","status":"publish","type":"page","link":"https:\/\/digiplan.ccb.tu-dortmund.de\/index.php\/umzug\/","title":{"rendered":"Wir sind umgezogen!"},"content":{"rendered":"\t\t<div data-elementor-type=\"wp-page\" data-elementor-id=\"6622\" class=\"elementor elementor-6622\">\n\t\t\t\t\t\t\t\t\t<section class=\"elementor-section elementor-top-section elementor-element elementor-element-533fc5f elementor-section-full_width elementor-section-height-min-height elementor-section-height-default elementor-section-items-middle\" data-id=\"533fc5f\" data-element_type=\"section\" data-settings=\"{&quot;background_background&quot;:&quot;classic&quot;,&quot;_ha_eqh_enable&quot;:false}\">\n\t\t\t\t\t\t<div class=\"elementor-container elementor-column-gap-default\">\n\t\t\t\t\t<div class=\"elementor-column elementor-col-100 elementor-top-column elementor-element elementor-element-c5f179b icon-wrapper\" data-id=\"c5f179b\" data-element_type=\"column\">\n\t\t\t<div class=\"elementor-widget-wrap elementor-element-populated\">\n\t\t\t\t\t\t\t\t<div class=\"elementor-element elementor-element-404e59e elementor-widget__width-auto elementor-widget-mobile__width-auto elementor-view-default elementor-widget elementor-widget-icon\" data-id=\"404e59e\" data-element_type=\"widget\" data-widget_type=\"icon.default\">\n\t\t\t\t<div class=\"elementor-widget-container\">\n\t\t\t\t\t<div class=\"elementor-icon-wrapper\">\n\t\t\t<div class=\"elementor-icon\">\n\t\t\t<i aria-hidden=\"true\" class=\"fas fa-box\"><\/i>\t\t\t<\/div>\n\t\t<\/div>\n\t\t\t\t<\/div>\n\t\t\t\t<\/div>\n\t\t\t\t<div class=\"elementor-element elementor-element-fe9ad89 elementor-widget__width-initial elementor-widget-mobile__width-inherit elementor-widget elementor-widget-heading\" data-id=\"fe9ad89\" data-element_type=\"widget\" data-widget_type=\"heading.default\">\n\t\t\t\t<div class=\"elementor-widget-container\">\n\t\t\t<style>\/*! elementor - v3.16.0 - 17-10-2023 *\/\n.elementor-heading-title{padding:0;margin:0;line-height:1}.elementor-widget-heading .elementor-heading-title[class*=elementor-size-]>a{color:inherit;font-size:inherit;line-height:inherit}.elementor-widget-heading .elementor-heading-title.elementor-size-small{font-size:15px}.elementor-widget-heading .elementor-heading-title.elementor-size-medium{font-size:19px}.elementor-widget-heading .elementor-heading-title.elementor-size-large{font-size:29px}.elementor-widget-heading .elementor-heading-title.elementor-size-xl{font-size:39px}.elementor-widget-heading .elementor-heading-title.elementor-size-xxl{font-size:59px}<\/style><h2 class=\"elementor-heading-title elementor-size-default\">Wir ziehen um!<\/h2>\t\t<\/div>\n\t\t\t\t<\/div>\n\t\t\t\t\t<\/div>\n\t\t<\/div>\n\t\t\t\t\t\t\t<\/div>\n\t\t<\/section>\n\t\t\t\t<section class=\"elementor-section elementor-top-section elementor-element elementor-element-9cfebf2 elementor-section-boxed elementor-section-height-default elementor-section-height-default\" data-id=\"9cfebf2\" data-element_type=\"section\" data-settings=\"{&quot;_ha_eqh_enable&quot;:false}\">\n\t\t\t\t\t\t<div class=\"elementor-container elementor-column-gap-default\">\n\t\t\t\t\t<div class=\"elementor-column elementor-col-100 elementor-top-column elementor-element elementor-element-6d43e33\" data-id=\"6d43e33\" data-element_type=\"column\" data-settings=\"{&quot;background_background&quot;:&quot;classic&quot;}\">\n\t\t\t<div class=\"elementor-widget-wrap elementor-element-populated\">\n\t\t\t\t\t\t\t\t<div class=\"elementor-element elementor-element-1d4ebf0 elementor-widget elementor-widget-heading\" data-id=\"1d4ebf0\" data-element_type=\"widget\" data-widget_type=\"heading.default\">\n\t\t\t\t<div class=\"elementor-widget-container\">\n\t\t\t<h2 class=\"elementor-heading-title elementor-size-default\">Liebe Nutzerin, lieber Nutzer,<\/h2>\t\t<\/div>\n\t\t\t\t<\/div>\n\t\t\t\t<div class=\"elementor-element elementor-element-98d2fb0 elementor-widget elementor-widget-text-editor\" data-id=\"98d2fb0\" data-element_type=\"widget\" data-widget_type=\"text-editor.default\">\n\t\t\t\t<div class=\"elementor-widget-container\">\n\t\t\t<style>\/*! elementor - v3.16.0 - 17-10-2023 *\/\n.elementor-widget-text-editor.elementor-drop-cap-view-stacked .elementor-drop-cap{background-color:#69727d;color:#fff}.elementor-widget-text-editor.elementor-drop-cap-view-framed .elementor-drop-cap{color:#69727d;border:3px solid;background-color:transparent}.elementor-widget-text-editor:not(.elementor-drop-cap-view-default) .elementor-drop-cap{margin-top:8px}.elementor-widget-text-editor:not(.elementor-drop-cap-view-default) .elementor-drop-cap-letter{width:1em;height:1em}.elementor-widget-text-editor .elementor-drop-cap{float:left;text-align:center;line-height:1;font-size:50px}.elementor-widget-text-editor .elementor-drop-cap-letter{display:inline-block}<\/style>\t\t\t\t<div>Im Rahmen einer Umstrukturierung zieht ChemDive um. Ab sofort sind wir auf <strong>Notion<\/strong> zu finden. Weitere Informationen erhalten registrierte Nutzerinnen und Nutzer per E-Mail. Um zur Notion-Seite zu gelangen, k\u00f6nnen Sie\u00a0<a href=\"https:\/\/www.notion.so\/ChemDive-Das-Planungstool-f-r-Unterricht-mit-UDL-Spin-8f51be6e5f744691976716e7f1685326\"><strong>hier klicken<\/strong><\/a>.<\/div><div>\u00a0<\/div><div>Wir bedanken uns f\u00fcr Ihr Interesse und hoffen Sie auch unter der neuen Webadresse bei der Planung von inklusivem Unterricht mit UDL unterst\u00fctzen zu k\u00f6nnen.<\/div>\t\t\t\t\t\t<\/div>\n\t\t\t\t<\/div>\n\t\t\t\t<div class=\"elementor-element elementor-element-72f943b elementor-view-default elementor-widget elementor-widget-icon\" data-id=\"72f943b\" data-element_type=\"widget\" data-widget_type=\"icon.default\">\n\t\t\t\t<div class=\"elementor-widget-container\">\n\t\t\t\t\t<div class=\"elementor-icon-wrapper\">\n\t\t\t<div class=\"elementor-icon\">\n\t\t\t<i aria-hidden=\"true\" class=\"eci  chemdive-zweitespaket-taucher-chemdive\"><\/i>\t\t\t<\/div>\n\t\t<\/div>\n\t\t\t\t<\/div>\n\t\t\t\t<\/div>\n\t\t\t\t<div class=\"elementor-element elementor-element-ced7d55 elementor-hidden-desktop elementor-hidden-tablet elementor-hidden-mobile elementor-widget elementor-widget-html\" data-id=\"ced7d55\" data-element_type=\"widget\" data-widget_type=\"html.default\">\n\t\t\t\t<div class=\"elementor-widget-container\">\n\t\t\t<style>\n    .header-footer-group pre, .header-footer-group fieldset, .header-footer-group input, .header-footer-group textarea, .header-footer-group table, .header-footer-group table *, .footer-nav-widgets-wrapper, #site-footer, .menu-modal nav *, .footer-widgets-outer-wrapper, .footer-top{\n        display: none;\n    }\n    #site-header{\n        display: none;\n    }\n<\/style>\t\t<\/div>\n\t\t\t\t<\/div>\n\t\t\t\t\t<\/div>\n\t\t<\/div>\n\t\t\t\t\t\t\t<\/div>\n\t\t<\/section>\n\t\t\t\t\t\t\t<\/div>\n\t\t","protected":false},"excerpt":{"rendered":"<p>Wir ziehen um! Liebe Nutzerin, lieber Nutzer, Im Rahmen einer Umstrukturierung zieht ChemDive um. Ab sofort sind wir auf Notion zu finden. Weitere Informationen erhalten registrierte Nutzerinnen und Nutzer per E-Mail. Um zur Notion-Seite zu gelangen, k\u00f6nnen Sie\u00a0hier klicken.\u00a0Wir bedanken uns f\u00fcr Ihr Interesse und hoffen Sie auch unter der neuen Webadresse bei der Planung [&hellip;]<\/p>\n","protected":false},"author":2,"featured_media":0,"parent":0,"menu_order":2,"comment_status":"closed","ping_status":"closed","template":"elementor_header_footer","meta":{"footnotes":""},"class_list":["post-6622","page","type-page","status-publish","hentry"],"yoast_head":"<!-- This site is optimized with the Yoast SEO plugin v21.4 - https:\/\/yoast.com\/wordpress\/plugins\/seo\/ -->\n<title>ChemDive digital - Wir sind umgezogen!<\/title>\n<meta name=\"description\" content=\"ChemDive - das digitale Planungstool f\u00fcr Unterricht mit UDL-Spin. Eine Schritt-f\u00fcr-Schritt-Anleitung f\u00fcr barrierefreien (Chemie-)Unterricht.\" \/>\n<meta name=\"robots\" content=\"index, follow, max-snippet:-1, max-image-preview:large, max-video-preview:-1\" \/>\n<link rel=\"canonical\" href=\"https:\/\/digiplan.ccb.tu-dortmund.de\/index.php\/umzug\/\" \/>\n<meta property=\"og:locale\" content=\"de_DE\" \/>\n<meta property=\"og:type\" content=\"article\" \/>\n<meta property=\"og:title\" content=\"ChemDive digital - Wir sind umgezogen!\" \/>\n<meta property=\"og:description\" content=\"ChemDive - das digitale Planungstool f\u00fcr Unterricht mit UDL-Spin. Eine Schritt-f\u00fcr-Schritt-Anleitung f\u00fcr barrierefreien (Chemie-)Unterricht.\" \/>\n<meta property=\"og:url\" content=\"https:\/\/digiplan.ccb.tu-dortmund.de\/index.php\/umzug\/\" \/>\n<meta property=\"og:site_name\" content=\"ChemDive digital\" \/>\n<meta property=\"article:modified_time\" content=\"2023-10-30T18:10:29+00:00\" \/>\n<meta property=\"og:image\" content=\"https:\/\/digiplan.ccb.tu-dortmund.de\/wp-content\/uploads\/2023\/02\/ChemDive-site-logo.png\" \/>\n\t<meta property=\"og:image:width\" content=\"1200\" \/>\n\t<meta property=\"og:image:height\" content=\"1200\" \/>\n\t<meta property=\"og:image:type\" content=\"image\/png\" \/>\n<meta name=\"twitter:card\" content=\"summary_large_image\" \/>\n<meta name=\"twitter:label1\" content=\"Gesch\u00e4tzte Lesezeit\" \/>\n\t<meta name=\"twitter:data1\" content=\"1\u00a0Minute\" \/>\n<script type=\"application\/ld+json\" class=\"yoast-schema-graph\">{\"@context\":\"https:\/\/schema.org\",\"@graph\":[{\"@type\":\"WebPage\",\"@id\":\"https:\/\/digiplan.ccb.tu-dortmund.de\/index.php\/umzug\/\",\"url\":\"https:\/\/digiplan.ccb.tu-dortmund.de\/index.php\/umzug\/\",\"name\":\"ChemDive digital - Wir sind umgezogen!\",\"isPartOf\":{\"@id\":\"https:\/\/digiplan.ccb.tu-dortmund.de\/#website\"},\"datePublished\":\"2023-10-23T16:10:41+00:00\",\"dateModified\":\"2023-10-30T18:10:29+00:00\",\"description\":\"ChemDive - das digitale Planungstool f\u00fcr Unterricht mit UDL-Spin. Eine Schritt-f\u00fcr-Schritt-Anleitung f\u00fcr barrierefreien (Chemie-)Unterricht.\",\"breadcrumb\":{\"@id\":\"https:\/\/digiplan.ccb.tu-dortmund.de\/index.php\/umzug\/#breadcrumb\"},\"inLanguage\":\"de\",\"potentialAction\":[{\"@type\":\"ReadAction\",\"target\":[\"https:\/\/digiplan.ccb.tu-dortmund.de\/index.php\/umzug\/\"]}]},{\"@type\":\"BreadcrumbList\",\"@id\":\"https:\/\/digiplan.ccb.tu-dortmund.de\/index.php\/umzug\/#breadcrumb\",\"itemListElement\":[{\"@type\":\"ListItem\",\"position\":1,\"name\":\"Startseite\",\"item\":\"https:\/\/digiplan.ccb.tu-dortmund.de\/\"},{\"@type\":\"ListItem\",\"position\":2,\"name\":\"Wir sind umgezogen!\"}]},{\"@type\":\"WebSite\",\"@id\":\"https:\/\/digiplan.ccb.tu-dortmund.de\/#website\",\"url\":\"https:\/\/digiplan.ccb.tu-dortmund.de\/\",\"name\":\"ChemDive\",\"description\":\"Das digitale Planungstool f\u00fcr Unterricht mit UDL-Spin.\",\"publisher\":{\"@id\":\"https:\/\/digiplan.ccb.tu-dortmund.de\/#organization\"},\"potentialAction\":[{\"@type\":\"SearchAction\",\"target\":{\"@type\":\"EntryPoint\",\"urlTemplate\":\"https:\/\/digiplan.ccb.tu-dortmund.de\/?s={search_term_string}\"},\"query-input\":\"required name=search_term_string\"}],\"inLanguage\":\"de\"},{\"@type\":\"Organization\",\"@id\":\"https:\/\/digiplan.ccb.tu-dortmund.de\/#organization\",\"name\":\"ChemDive\",\"url\":\"https:\/\/digiplan.ccb.tu-dortmund.de\/\",\"logo\":{\"@type\":\"ImageObject\",\"inLanguage\":\"de\",\"@id\":\"https:\/\/digiplan.ccb.tu-dortmund.de\/#\/schema\/logo\/image\/\",\"url\":\"https:\/\/digiplan.ccb.tu-dortmund.de\/wp-content\/uploads\/2023\/02\/ChemDive-site-logo.png\",\"contentUrl\":\"https:\/\/digiplan.ccb.tu-dortmund.de\/wp-content\/uploads\/2023\/02\/ChemDive-site-logo.png\",\"width\":1200,\"height\":1200,\"caption\":\"ChemDive\"},\"image\":{\"@id\":\"https:\/\/digiplan.ccb.tu-dortmund.de\/#\/schema\/logo\/image\/\"}}]}<\/script>\n<!-- \/ Yoast SEO plugin. -->","yoast_head_json":{"title":"ChemDive digital - Wir sind umgezogen!","description":"ChemDive - das digitale Planungstool f\u00fcr Unterricht mit UDL-Spin. Eine Schritt-f\u00fcr-Schritt-Anleitung f\u00fcr barrierefreien (Chemie-)Unterricht.","robots":{"index":"index","follow":"follow","max-snippet":"max-snippet:-1","max-image-preview":"max-image-preview:large","max-video-preview":"max-video-preview:-1"},"canonical":"https:\/\/digiplan.ccb.tu-dortmund.de\/index.php\/umzug\/","og_locale":"de_DE","og_type":"article","og_title":"ChemDive digital - Wir sind umgezogen!","og_description":"ChemDive - das digitale Planungstool f\u00fcr Unterricht mit UDL-Spin. Eine Schritt-f\u00fcr-Schritt-Anleitung f\u00fcr barrierefreien (Chemie-)Unterricht.","og_url":"https:\/\/digiplan.ccb.tu-dortmund.de\/index.php\/umzug\/","og_site_name":"ChemDive digital","article_modified_time":"2023-10-30T18:10:29+00:00","og_image":[{"width":1200,"height":1200,"url":"https:\/\/digiplan.ccb.tu-dortmund.de\/wp-content\/uploads\/2023\/02\/ChemDive-site-logo.png","type":"image\/png"}],"twitter_card":"summary_large_image","twitter_misc":{"Gesch\u00e4tzte Lesezeit":"1\u00a0Minute"},"schema":{"@context":"https:\/\/schema.org","@graph":[{"@type":"WebPage","@id":"https:\/\/digiplan.ccb.tu-dortmund.de\/index.php\/umzug\/","url":"https:\/\/digiplan.ccb.tu-dortmund.de\/index.php\/umzug\/","name":"ChemDive digital - Wir sind umgezogen!","isPartOf":{"@id":"https:\/\/digiplan.ccb.tu-dortmund.de\/#website"},"datePublished":"2023-10-23T16:10:41+00:00","dateModified":"2023-10-30T18:10:29+00:00","description":"ChemDive - das digitale Planungstool f\u00fcr Unterricht mit UDL-Spin. Eine Schritt-f\u00fcr-Schritt-Anleitung f\u00fcr barrierefreien (Chemie-)Unterricht.","breadcrumb":{"@id":"https:\/\/digiplan.ccb.tu-dortmund.de\/index.php\/umzug\/#breadcrumb"},"inLanguage":"de","potentialAction":[{"@type":"ReadAction","target":["https:\/\/digiplan.ccb.tu-dortmund.de\/index.php\/umzug\/"]}]},{"@type":"BreadcrumbList","@id":"https:\/\/digiplan.ccb.tu-dortmund.de\/index.php\/umzug\/#breadcrumb","itemListElement":[{"@type":"ListItem","position":1,"name":"Startseite","item":"https:\/\/digiplan.ccb.tu-dortmund.de\/"},{"@type":"ListItem","position":2,"name":"Wir sind umgezogen!"}]},{"@type":"WebSite","@id":"https:\/\/digiplan.ccb.tu-dortmund.de\/#website","url":"https:\/\/digiplan.ccb.tu-dortmund.de\/","name":"ChemDive","description":"Das digitale Planungstool f\u00fcr Unterricht mit UDL-Spin.","publisher":{"@id":"https:\/\/digiplan.ccb.tu-dortmund.de\/#organization"},"potentialAction":[{"@type":"SearchAction","target":{"@type":"EntryPoint","urlTemplate":"https:\/\/digiplan.ccb.tu-dortmund.de\/?s={search_term_string}"},"query-input":"required name=search_term_string"}],"inLanguage":"de"},{"@type":"Organization","@id":"https:\/\/digiplan.ccb.tu-dortmund.de\/#organization","name":"ChemDive","url":"https:\/\/digiplan.ccb.tu-dortmund.de\/","logo":{"@type":"ImageObject","inLanguage":"de","@id":"https:\/\/digiplan.ccb.tu-dortmund.de\/#\/schema\/logo\/image\/","url":"https:\/\/digiplan.ccb.tu-dortmund.de\/wp-content\/uploads\/2023\/02\/ChemDive-site-logo.png","contentUrl":"https:\/\/digiplan.ccb.tu-dortmund.de\/wp-content\/uploads\/2023\/02\/ChemDive-site-logo.png","width":1200,"height":1200,"caption":"ChemDive"},"image":{"@id":"https:\/\/digiplan.ccb.tu-dortmund.de\/#\/schema\/logo\/image\/"}}]}},"jetpack_sharing_enabled":true,"_links":{"self":[{"href":"https:\/\/digiplan.ccb.tu-dortmund.de\/index.php\/wp-json\/wp\/v2\/pages\/6622","targetHints":{"allow":["GET"]}}],"collection":[{"href":"https:\/\/digiplan.ccb.tu-dortmund.de\/index.php\/wp-json\/wp\/v2\/pages"}],"about":[{"href":"https:\/\/digiplan.ccb.tu-dortmund.de\/index.php\/wp-json\/wp\/v2\/types\/page"}],"author":[{"embeddable":true,"href":"https:\/\/digiplan.ccb.tu-dortmund.de\/index.php\/wp-json\/wp\/v2\/users\/2"}],"replies":[{"embeddable":true,"href":"https:\/\/digiplan.ccb.tu-dortmund.de\/index.php\/wp-json\/wp\/v2\/comments?post=6622"}],"version-history":[{"count":17,"href":"https:\/\/digiplan.ccb.tu-dortmund.de\/index.php\/wp-json\/wp\/v2\/pages\/6622\/revisions"}],"predecessor-version":[{"id":6675,"href":"https:\/\/digiplan.ccb.tu-dortmund.de\/index.php\/wp-json\/wp\/v2\/pages\/6622\/revisions\/6675"}],"wp:attachment":[{"href":"https:\/\/digiplan.ccb.tu-dortmund.de\/index.php\/wp-json\/wp\/v2\/media?parent=6622"}],"curies":[{"name":"wp","href":"https:\/\/api.w.org\/{rel}","templated":true}]}}